{"id":349,"date":"2021-12-03T10:14:37","date_gmt":"2021-12-03T10:14:37","guid":{"rendered":"https:\/\/servotecnica.com\/?page_id=3"},"modified":"2023-05-11T10:11:19","modified_gmt":"2023-05-11T10:11:19","slug":"privacy-policy","status":"publish","type":"page","link":"https:\/\/it.servotecnica.com\/it\/privacy-policy\/","title":{"rendered":"Privacy Policy"},"content":{"rendered":"\n<div style=\"height:50px\" aria-hidden=\"true\" class=\"wp-block-spacer\"><\/div>\n\n\n\n<p>Servotecnica SpA\u00a0ha adottato Procedure e Policy aziendali in linea con il Regolamento generale dell&#8217;Unione europea sulla protezione dei dati (GDPR\u2013 Reg Ue 2016\/679), al fine di garantire alti standard di sicurezza e regole volte a consentire un adeguato trattamento dei Dati Personali.<\/p>\n\n\n\n<h3 class=\"wp-block-heading\"><strong>Soggetti autorizzati al trattamento dei dati<\/strong><\/h3>\n\n\n\n<p>I Dati personali sono trattati da risorse interne ed esterne a\u00a0Servotecnica SpA\u00a0adeguatamente identificate, formate, istruite e che operano in qualit\u00e0 di personale autorizzato al trattamento dei Dati.<\/p>\n\n\n\n<h3 class=\"wp-block-heading\"><strong>Responsabili esterni al trattamento dati<\/strong><\/h3>\n\n\n\n<p>L\u2019elenco dei Responsabili esterni al trattamento dei Dati personali \u00e8 disponibile presso la sede di\u00a0Servotecnica SpA<\/p>\n\n\n\n<h3 class=\"wp-block-heading\">Conservazione dei dati<\/h3>\n\n\n\n<p>I dati sono disponibili per il tempo strettamente necessario per le finalit\u00e0 del trattamento.<\/p>\n\n\n\n<p>In un\u2019ottica di piena trasparenza \u00e8 disponibile presso la sede di\u00a0Servotecnica SpA\u00a0il documento \u201cPolitica di conservazione dei dati\u201d, parte integrante del Sistema di Gestione Data Protection (SGDP) dell\u2019azienda stessa e qualora di vostro interesse avete il diritto di richiederne copia contattando l\u2019azienda al seguente indirizzo mail: <a href=\"mailto:info@servotecnica.com\">info@servotecnica.com<\/a><\/p>\n\n\n\n<div style=\"height:100px\" aria-hidden=\"true\" class=\"wp-block-spacer\"><\/div>\n\n\n\n<h2 class=\"wp-block-heading\">INFORMATIVA EX ARTICOLO 13 DEL REGOLAMENTO UE 2016\/679<\/h2>\n\n\n\n<p><strong>ai sensi del Regolamento Europeo 2016\/679<\/strong><br>(dati personali raccolti presso l\u2019interessato)<\/p>\n\n\n\n<p>Desideriamo informarVi, ai sensi degli articoli 12,13 e 14 del Regolamento Europeo 2016\/679 noto anche come \u201cGeneral Data Protection Regulation\u201d (di seguito \u201cGDPR\u201d) relativo alla protezione delle persone fisiche con riguardo al trattamento dei dati personali, nonch\u00e9 alla libera circolazione di tali dati, che le informazioni ed i dati da Voi forniti o altrimenti acquisiti nell\u2019ambito dei servizi erogati da\u00a0Servotecnica SpA\u00a0saranno oggetto di trattamento nel rispetto delle disposizioni sopra menzionate e degli obblighi di riservatezza che ispirano l\u2019attivit\u00e0 della nostra organizzazione.<\/p>\n\n\n\n<p>Per trattamento di dati personali intendiamo qualunque operazione o complesso di operazioni, effettuati anche senza l&#8217;ausilio di strumenti elettronici, concernenti la raccolta, la registrazione, l&#8217;organizzazione, la conservazione, la consultazione, l&#8217;elaborazione, la modifica, la selezione, l&#8217;estrazione, il raffronto, l&#8217;utilizzo, l&#8217;interconnessione, il blocco, la comunicazione, la diffusione, la cancellazione e la distruzione di dati, anche se non registrati in una banca di dati.<\/p>\n\n\n\n<p>Lo scopo della presente informativa \u00e8 quello di rendere noti in tutta trasparenza gli scopi per i quali potremmo utilizzare i Vs. dati, come li gestiremo, a chi potrebbero essere comunicati, dove potrebbero essere trasferiti (all\u2019interno o all\u2019esterno dell\u2019UE) e quali sono i Vs. diritti.<\/p>\n\n\n\n<h4 class=\"wp-block-heading\"><u>Chi tratta i Vs. dati?<\/u><\/h4>\n\n\n\n<p><em>I Vs. dati saranno trattati, da\u00a0Servotecnica SpA\u00a0in qualit\u00e0 di Titolare del trattamento dei dati.<\/em><\/p>\n\n\n\n<p>Oltre a\u00a0Servotecnica SpA\u00a0siamo ad informarVi che sono presenti dei Responsabili Esterni al trattamento dei dati personali i quali sono stati opportunamente mappati, censiti, contrattualizzati e nominati da\u00a0Servotecnica SpA\u00a0sulla base di quanto prescritto dall\u2019 art. 28 del GDPR. L\u2019elenco dei Responsabili esterni per il trattamento dei Dati personali \u00e8 disponibile presso la sede di\u00a0Servotecnica SpA.<\/p>\n\n\n\n<h4 class=\"wp-block-heading\"><strong><u>Perch\u00e9 ci servono i Vs. dati?<\/u><\/strong><\/h4>\n\n\n\n<p>Servotecnica SpA\u00a0utilizzer\u00e0 i Vs. dati esclusivamente per le seguenti finalit\u00e0:<\/p>\n\n\n\n<ol class=\"wp-block-list\">\n<li>Finalit\u00e0 connesse alla&nbsp;gestione del rapporto contrattuale&nbsp;e all\u2019erogazione dei Servizi. I Vs. Dati saranno trattati per le seguenti finalit\u00e0: instaurazione, gestione ed estinzione del rapporto contrattuale e commerciale; adempimento degli obblighi contabili e fiscali; adempimento degli obblighi di legge (ad esempio: controlli antiterrorismo); controlli antiriciclaggio; verifiche di natura fiscale e contabile; gestione dei contenziosi; erogazione, supporto, aggiornamento ed informazione in merito ai Servizi offerti e alle funzionalit\u00e0 disponibili.<\/li>\n\n\n\n<li>Finalit\u00e0 connesse ad\u00a0attivit\u00e0 di marketing e newsletter. Con il Vs. specifico consenso, i Vs.Dati saranno trattati per le seguenti finalit\u00e0: invio di newsletter, materiale pubblicitario, informativo, promozionale e di aggiornamenti su iniziative, promozioni ed offerte di\u00a0Servotecnica SpA.<\/li>\n<\/ol>\n\n\n\n<p>Servotecnica SpA\u00a0effettuer\u00e0 il trattamento:<\/p>\n\n\n\n<ul class=\"wp-block-list\">\n<li>sulla base del Vs. consenso;<\/li>\n\n\n\n<li>perch\u00e9 \u00e8 necessario per gli adempimenti contrattuali &nbsp;di cui al punto 1;<\/li>\n\n\n\n<li>perch\u00e9 \u00e8 necessario per adempiere agli obblighi legali ai quali siete soggetti (ad es. obblighi contabili, retributivi, previdenziali, controlli antiterrorismo);<\/li>\n\n\n\n<li>perch\u00e9 il trattamento \u00e8 necessario per perseguire un legittimo interesse (ad es. verifiche antiriciclaggio, utilizzo di strumenti di videosorveglianza a tutela del patrimonio aziendale, prevenzione delle frodi, salvaguardia di interessi strategici aziendali e relativi rapporti commerciali).<\/li>\n<\/ul>\n\n\n\n<p>Ne consegue che il conferimento dei Dati personali \u00e8 obbligatorio per le finalit\u00e0 di cui al punto 1.<\/p>\n\n\n\n<p>L\u2019eventuale mancato conferimento dei dati comporter\u00e0 l\u2019 impossibilit\u00e0 di raggiungere le finalit\u00e0 precedentemente indicate e quindi di dare seguito al rapporto contrattuale.<\/p>\n\n\n\n<p>La finalit\u00e0 2 non deriva da un obbligo di legge e il conferimento del relativo consenso \u00e8 facoltativo.<\/p>\n\n\n\n<p>L\u2019entit\u00e0 e l\u2019adeguatezza dei Dati conferiti sar\u00e0 valutata di volta in volta, al fine di determinare le conseguenti decisioni ed evitare il trattamento di Dati eccedenti rispetto alle finalit\u00e0 perseguite.<\/p>\n\n\n\n<p>Servotecnica SpA\u00a0si impegna a non usare i Vs dati personali per finalit\u00e0 diverse e ulteriori rispetto a quelle descritte nella presente informativa, se non informandoti previamente e, ove necessario, ottenendo il Vs.consenso.<\/p>\n\n\n\n<h4 class=\"wp-block-heading\"><strong><u>Come utilizzeremo i Vs. dati?<\/u><\/strong><\/h4>\n\n\n\n<p>Servotecnica SpA\u00a0ha come obiettivo la tutela dei Dati dei propri clienti, improntando il loro trattamento ai principi di correttezza, di liceit\u00e0 e trasparenza. Vi informiamo, pertanto, che i Vs. Dati personali saranno trattati, tramite l\u2019utilizzo di strumenti e procedure idonei a garantirne la massima sicurezza e riservatezza, mediante archivi e supporti cartacei, con l\u2019ausilio di supporti digitali, mezzi informatici e telematici.<\/p>\n\n\n\n<p>Ci preme ricordarVi che avete la facolt\u00e0 di esercitare il diritto di opposizione che, in assenza di Vs. indicazione contraria, verr\u00e0 riferita tanto alle comunicazioni tradizionali quanto a quelle automatizzate.<\/p>\n\n\n\n<h4 class=\"wp-block-heading\"><u>Per quanto tempo conserveremo le Vs. informazioni?<\/u><\/h4>\n\n\n\n<p>I Vs. Dati personali saranno conservati, a partire dal loro ricevimento\/aggiornamento, per un periodo congruo rispetto alle finalit\u00e0 di trattamento sopra riportate e rispettando quanto imposto dalla legge in primis. In un ottica di piena trasparenza \u00e8 disponibile presso la sede di\u00a0Servotecnica SpA.\u00a0il documento \u201cPolitica di conservazione dei dati\u201d, parte integrante del Sistema di Gestione Data Protection dell\u2019azienda stessa e avete il diritto di richiederne copia contattando l\u2019azienda al seguente indirizzo mail:\u00a0<a href=\"mailto:info@servotecnica.com\">info@servotecnica.com<\/a>. Nel medesimo documento troverete anche le indicazioni circa i criteri utilizzati per determinare tale periodo.<\/p>\n\n\n\n<h4 class=\"wp-block-heading\"><u>Condivideremo le Vostre informazioni con altri soggetti?<\/u><\/h4>\n\n\n\n<p>Per le finalit\u00e0 indicate in precedcenza (\u201c<em>Perch\u00e9 ci servono i Vs. dati<\/em>\u201d) i Vs. Dati potranno essere comunicati a a soggetti terzi, [tra cui Societ\u00e0 di recupero crediti, Aziende utilizzatrici, Professionisti, Enti bilaterali di settore (ex art.24, comma 2, lettera h), CCNL Agenzie di somministrazione, Enti pubblici, Organismi di revisione o vigilanza], per adempiere ad obblighi derivanti dalla legge, regolamenti, normative comunitarie o per aspetti riguardanti la gestione ed esecuzione del rapporto contrattuale.<\/p>\n\n\n\n<p>Per tutte le finalit\u00e0 indicate nella presente informativa (punti 1 e 2) i Vs. Dati potranno essere ceduti anche a nostri Partner commerciali opportunamente selezionati che operano nella nazione di pertinenza del richiedente e che offrono un livello di sicurezza del dato ritenuto \u201cadeguato\u201d, il tutto al fine di offrire al richiedente un pi\u00f9 efficiente servizio.<\/p>\n\n\n\n<p>I Dati verranno, inoltre, trattati da risorse interne di\u00a0Servotecnica SpA, adeguatamente istruite, che operano in qualit\u00e0 di personale autorizzato al trattamento dei Dati.<br>L\u2019accesso ai Dati archiviati potr\u00e0 essere effettuato solo dalle pubbliche autorit\u00e0, nei casi e modalit\u00e0 previsti dalle leggi vigenti, in ipotesi di controversie giudiziarie.<br>I Vs. Dati personali non saranno soggetti a diffusione.<\/p>\n\n\n\n<h4 class=\"wp-block-heading\"><u>Quali sono i Vs. diritti?<\/u><\/h4>\n\n\n\n<p>In qualsiasi momento, avrete il diritto di chiedere:<\/p>\n\n\n\n<ul class=\"wp-block-list\">\n<li>l\u2019accesso ai Vs. dati personali;<\/li>\n\n\n\n<li>la loro rettifica in caso di inesattezza degli stessi;<\/li>\n\n\n\n<li>la cancellazione;<\/li>\n\n\n\n<li>la limitazione del loro trattamento.<\/li>\n<\/ul>\n\n\n\n<p>Avrete inoltre:<\/p>\n\n\n\n<ul class=\"wp-block-list\">\n<li>il diritto di opporVi al loro trattamento a meno che non siano trattati per il perseguimento di un legittimo interesse cogente di\u00a0Servotecnica SpA;<\/li>\n\n\n\n<li>il diritto alla loro portabilit\u00e0, ossia di ricevere in un formato strutturato, di uso comune e leggibile da dispositivo automatico i dati personali da Voi forniti.<\/li>\n<\/ul>\n\n\n\n<p>Noi prenderemo in carico la Vostra richiesta con il massimo impegno per garantire l\u2019effettivo esercizio dei Vs.diritti.<\/p>\n\n\n\n<p>Infine, avrete il diritto di proporre reclamo all\u2019Autorit\u00e0 di controllo nazionale (Garante Privacy).<\/p>\n\n\n\n<p>Per completezza di conoscenza di tutti i dirittti dell\u2019interessato fare riferimento al Capo III del GDPR.<\/p>\n\n\n\n<h4 class=\"wp-block-heading\"><u>Potete revocare il Vs. consenso una volta dato?<\/u><\/h4>\n\n\n\n<p>Si, potrete revocare, in qualsiasi momento, il Vs. consenso, senza che ci\u00f2 possa, tuttavia:<\/p>\n\n\n\n<ul class=\"wp-block-list\">\n<li>pregiudicare la liceit\u00e0 del trattamento basato sul consenso prestato prima della revoca;<\/li>\n\n\n\n<li>pregiudicare ulteriori trattamenti degli stessi dati fondati su altre basi giuridiche (ad esempio, obblighi contrattuali o obblighi di legge cui \u00e8 soggetta\u00a0Servotecnica SpA).<\/li>\n<\/ul>\n\n\n\n<p>Gli estremi identificativi del Titolare per il trattamento dei dati da Lei forniti sono i seguenti:<\/p>\n\n\n\n<p>Servotecnica SpA\u00a0con sede in Nova Milanese (MB), via E. Majorana, 4 tel. 0362.4921 alla quale Lei potr\u00e0 in ogni momento rivolgersi per esercitare i diritti previsti dal GDPR e sopra elencati in dettaglio.<\/p>\n\n\n\n<div style=\"height:50px\" aria-hidden=\"true\" class=\"wp-block-spacer\"><\/div>\n\n\n\n<p>Il Titolare del Trattamento<br>Servotecnica SpA<\/p>\n","protected":false},"excerpt":{"rendered":"<p>Servotecnica SpA\u00a0ha adottato Procedure e Policy aziendali in linea con il Regolamento generale dell&#8217;Unione europea sulla protezione dei dati (GDPR\u2013 Reg Ue 2016\/679), al fine di [&hellip;]<\/p>\n","protected":false},"author":1,"featured_media":0,"parent":0,"menu_order":71,"comment_status":"closed","ping_status":"open","template":"","meta":{"_acf_changed":false,"footnotes":""},"class_list":["post-349","page","type-page","status-publish","hentry"],"acf":[],"yoast_head":"<!-- This site is optimized with the Yoast SEO plugin v26.6 - https:\/\/yoast.com\/wordpress\/plugins\/seo\/ -->\n<title>Privacy Policy - Servotecnica Italia<\/title>\n<meta name=\"robots\" content=\"index, follow, max-snippet:-1, max-image-preview:large, max-video-preview:-1\" \/>\n<meta property=\"og:locale\" content=\"it_IT\" \/>\n<meta property=\"og:type\" content=\"article\" \/>\n<meta property=\"og:title\" content=\"Privacy Policy - Servotecnica Italia\" \/>\n<meta property=\"og:description\" content=\"Servotecnica SpA\u00a0ha adottato Procedure e Policy aziendali in linea con il Regolamento generale dell&#8217;Unione europea sulla protezione dei dati (GDPR\u2013 Reg Ue 2016\/679), al fine di [&hellip;]\" \/>\n<meta property=\"og:url\" content=\"https:\/\/it.servotecnica.com\/it\/privacy-policy\/\" \/>\n<meta property=\"og:site_name\" content=\"Servotecnica Italia\" \/>\n<meta property=\"article:modified_time\" content=\"2023-05-11T10:11:19+00:00\" \/>\n<meta name=\"twitter:card\" content=\"summary_large_image\" \/>\n<meta name=\"twitter:label1\" content=\"Tempo di lettura stimato\" \/>\n\t<meta name=\"twitter:data1\" content=\"7 minuti\" \/>\n<script type=\"application\/ld+json\" class=\"yoast-schema-graph\">{\"@context\":\"https:\/\/schema.org\",\"@graph\":[{\"@type\":\"WebPage\",\"@id\":\"https:\/\/it.servotecnica.com\/it\/privacy-policy\/\",\"url\":\"https:\/\/it.servotecnica.com\/it\/privacy-policy\/\",\"name\":\"Privacy Policy - Servotecnica Italia\",\"isPartOf\":{\"@id\":\"https:\/\/it.servotecnica.com\/it\/#website\"},\"datePublished\":\"2021-12-03T10:14:37+00:00\",\"dateModified\":\"2023-05-11T10:11:19+00:00\",\"breadcrumb\":{\"@id\":\"https:\/\/it.servotecnica.com\/it\/privacy-policy\/#breadcrumb\"},\"inLanguage\":\"it-IT\",\"potentialAction\":[{\"@type\":\"ReadAction\",\"target\":[\"https:\/\/it.servotecnica.com\/it\/privacy-policy\/\"]}]},{\"@type\":\"BreadcrumbList\",\"@id\":\"https:\/\/it.servotecnica.com\/it\/privacy-policy\/#breadcrumb\",\"itemListElement\":[{\"@type\":\"ListItem\",\"position\":1,\"name\":\"Home\",\"item\":\"https:\/\/it.servotecnica.com\/it\/\"},{\"@type\":\"ListItem\",\"position\":2,\"name\":\"Privacy Policy\"}]},{\"@type\":\"WebSite\",\"@id\":\"https:\/\/it.servotecnica.com\/it\/#website\",\"url\":\"https:\/\/it.servotecnica.com\/it\/\",\"name\":\"Servotecnica Italia\",\"description\":\"Servotecnica\",\"potentialAction\":[{\"@type\":\"SearchAction\",\"target\":{\"@type\":\"EntryPoint\",\"urlTemplate\":\"https:\/\/it.servotecnica.com\/it\/?s={search_term_string}\"},\"query-input\":{\"@type\":\"PropertyValueSpecification\",\"valueRequired\":true,\"valueName\":\"search_term_string\"}}],\"inLanguage\":\"it-IT\"}]}<\/script>\n<!-- \/ Yoast SEO plugin. -->","yoast_head_json":{"title":"Privacy Policy - Servotecnica Italia","robots":{"index":"index","follow":"follow","max-snippet":"max-snippet:-1","max-image-preview":"max-image-preview:large","max-video-preview":"max-video-preview:-1"},"og_locale":"it_IT","og_type":"article","og_title":"Privacy Policy - Servotecnica Italia","og_description":"Servotecnica SpA\u00a0ha adottato Procedure e Policy aziendali in linea con il Regolamento generale dell&#8217;Unione europea sulla protezione dei dati (GDPR\u2013 Reg Ue 2016\/679), al fine di [&hellip;]","og_url":"https:\/\/it.servotecnica.com\/it\/privacy-policy\/","og_site_name":"Servotecnica Italia","article_modified_time":"2023-05-11T10:11:19+00:00","twitter_card":"summary_large_image","twitter_misc":{"Tempo di lettura stimato":"7 minuti"},"schema":{"@context":"https:\/\/schema.org","@graph":[{"@type":"WebPage","@id":"https:\/\/it.servotecnica.com\/it\/privacy-policy\/","url":"https:\/\/it.servotecnica.com\/it\/privacy-policy\/","name":"Privacy Policy - Servotecnica Italia","isPartOf":{"@id":"https:\/\/it.servotecnica.com\/it\/#website"},"datePublished":"2021-12-03T10:14:37+00:00","dateModified":"2023-05-11T10:11:19+00:00","breadcrumb":{"@id":"https:\/\/it.servotecnica.com\/it\/privacy-policy\/#breadcrumb"},"inLanguage":"it-IT","potentialAction":[{"@type":"ReadAction","target":["https:\/\/it.servotecnica.com\/it\/privacy-policy\/"]}]},{"@type":"BreadcrumbList","@id":"https:\/\/it.servotecnica.com\/it\/privacy-policy\/#breadcrumb","itemListElement":[{"@type":"ListItem","position":1,"name":"Home","item":"https:\/\/it.servotecnica.com\/it\/"},{"@type":"ListItem","position":2,"name":"Privacy Policy"}]},{"@type":"WebSite","@id":"https:\/\/it.servotecnica.com\/it\/#website","url":"https:\/\/it.servotecnica.com\/it\/","name":"Servotecnica Italia","description":"Servotecnica","potentialAction":[{"@type":"SearchAction","target":{"@type":"EntryPoint","urlTemplate":"https:\/\/it.servotecnica.com\/it\/?s={search_term_string}"},"query-input":{"@type":"PropertyValueSpecification","valueRequired":true,"valueName":"search_term_string"}}],"inLanguage":"it-IT"}]}},"_links":{"self":[{"href":"https:\/\/it.servotecnica.com\/it\/wp-json\/wp\/v2\/pages\/349","targetHints":{"allow":["GET"]}}],"collection":[{"href":"https:\/\/it.servotecnica.com\/it\/wp-json\/wp\/v2\/pages"}],"about":[{"href":"https:\/\/it.servotecnica.com\/it\/wp-json\/wp\/v2\/types\/page"}],"author":[{"embeddable":true,"href":"https:\/\/it.servotecnica.com\/it\/wp-json\/wp\/v2\/users\/1"}],"replies":[{"embeddable":true,"href":"https:\/\/it.servotecnica.com\/it\/wp-json\/wp\/v2\/comments?post=349"}],"version-history":[{"count":5,"href":"https:\/\/it.servotecnica.com\/it\/wp-json\/wp\/v2\/pages\/349\/revisions"}],"predecessor-version":[{"id":1591,"href":"https:\/\/it.servotecnica.com\/it\/wp-json\/wp\/v2\/pages\/349\/revisions\/1591"}],"wp:attachment":[{"href":"https:\/\/it.servotecnica.com\/it\/wp-json\/wp\/v2\/media?parent=349"}],"curies":[{"name":"wp","href":"https:\/\/api.w.org\/{rel}","templated":true}]}}