{"id":498,"date":"2022-03-15T09:45:22","date_gmt":"2022-03-15T09:45:22","guid":{"rendered":"https:\/\/it.servotecnica.com\/?page_id=498"},"modified":"2025-11-12T16:29:30","modified_gmt":"2025-11-12T16:29:30","slug":"quality-policy","status":"publish","type":"page","link":"https:\/\/it.servotecnica.com\/it\/quality-policy\/","title":{"rendered":"Politica per la qualit\u00e0 e l\u2019ambiente"},"content":{"rendered":"\n<div style=\"height:30px\" aria-hidden=\"true\" class=\"wp-block-spacer\"><\/div>\n\n\n\n<h2 class=\"wp-block-heading has-text-color\" style=\"color:#e03c21;font-size:30px\">Il nostro impegno<\/h2>\n\n\n\n<p>Specialisti nel motion control orientati all\u2019eccellenza, alla qualit\u00e0 ed alla sostenibilit\u00e0 ambientale che si concretizzano nei seguenti principi e valori aziendali:<\/p>\n\n\n\n<h3 class=\"wp-block-heading\">Competenza<\/h3>\n\n\n\n<p>La costante attenzione allo sviluppo del know-how valorizza il nostro miglior prodotto, ovvero la competenza nel comprendere i bisogni dei clienti e offrire soluzioni affidabili specificamente progettate.<\/p>\n\n\n\n<h3 class=\"wp-block-heading\">Presenza globale<\/h3>\n\n\n\n<p>La capacit\u00e0 di servire un mercato globale tramite uffici diretti ed una fitta rete di distribuzione e agenzia valorizzando la filosofia Servotecnica e la sua riconoscibilit\u00e0, attingere allo stesso mercato globale per proporre tecnologie e servizi innovativi tramite produttori ad elevato contenuto tecnologico e la capacit\u00e0 di integrare in armonia soluzioni di diversi fornitori.<\/p>\n\n\n\n<h3 class=\"wp-block-heading\">Partnership con i clienti<\/h3>\n\n\n\n<p>La scelta di collaborare con i Clienti impone un atteggiamento aperto, costruttivo e collaborativo. L\u2019interscambio aperto e non preconcetto trasforma ogni incontro con il cliente in una occasione di offrire e ricevere conoscenze e know how. Il rapporto quotidiano comporta l\u2019arricchimento delle competenze, della stima e della fiducia reciproca, rendendo cos\u00ec Servotecnica partner e parte integrante con le Societ\u00e0 con cui collabora.<\/p>\n\n\n\n<h3 class=\"wp-block-heading\">Miglioramento continuo<\/h3>\n\n\n\n<p>L\u2019incessante e continua ricerca di migliorare i nostri servizi e prodotti ci portano a stabilire un rapporto stretto con i nostri fornitori o rappresentate per portare innovazione continua alla nostra offerta con sguardo al futuro.<\/p>\n\n\n\n<h3 class=\"wp-block-heading\">Sostenibilit\u00e0 Ambientale<\/h3>\n\n\n\n<p>Ci impegniamo a ridurre al minimo il nostro impatto ambientale attraverso pratiche responsabili e un costante miglioramento. Questo obiettivo viene perseguito mediante l\u2019ottimizzazione nell\u2019uso delle risorse, la prevenzione dell\u2019inquinamento, il pieno rispetto delle normative ambientali vigenti, la promozione della consapevolezza ambientale all\u2019interno dell\u2019organizzazione e il coinvolgimento attivo della nostra catena di fornitura.<\/p>\n\n\n\n<div style=\"height:30px\" aria-hidden=\"true\" class=\"wp-block-spacer\"><\/div>\n\n\n\n<h2 class=\"wp-block-heading has-text-color\" style=\"color:#e03c21;font-size:30px\">I nostri valori<\/h2>\n\n\n\n<h3 class=\"wp-block-heading\">Innovazione<\/h3>\n\n\n\n<p>Per noi di Servotecnica significa guardare al futuro per cambiare al meglio la qualit\u00e0 dei servizi e della vita. Crediamo nella capacit\u00e0 di adattarsi all&#8217;evoluzione del mondo, formando figure professionali al fine di migliorare il valore aggiunto che offriamo ai nostri clienti. Servotecnica stimola sempre ad ogni livello aziendale lo scambio di idee, perch\u00e9 ogni nostra persona sia in grado di tracciare la strada verso il futuro.<\/p>\n\n\n\n<h3 class=\"wp-block-heading\">Spirito di squadra<\/h3>\n\n\n\n<p>Ogni giorno \u00e8 uno scambio costruttivo e reciproco tra colleghi, la relazione propositiva all&#8217;interno di un gruppo \u00e8 fondamentale per fare parte del team Servotecnica. La complessit\u00e0 dei sistemi richiede la presenza di figure professionali diverse capaci di interagire tra loro, lo spirito di iniziativa e la volont\u00e0 ad applicarsi per il raggiungimento di obiettivi comuni \u00e8 ci\u00f2 che ci porta a lavorare insieme, nelle sfide e nei successi.<\/p>\n\n\n\n<h3 class=\"wp-block-heading\">Determinazione<\/h3>\n\n\n\n<p>Il nostro impegno nasce dalla volont\u00e0 di fare parte di una societ\u00e0 che ha segnato la storia del Motion Control in Italia, pioniera nella proposta del servizio abbinato alla tecnologia in quest&#8217;ambito. Tenacia e continua volont\u00e0 di migliorare sono elementi fondanti del nostro successo.<\/p>\n\n\n\n<h3 class=\"wp-block-heading\">Responsabilit\u00e0<\/h3>\n\n\n\n<p>Per Servotecnica ogni risultato \u00e8 il frutto di un processo. Il nostro lavoro \u00e8 fondato sul rispetto di: collaboratori, clienti, societ\u00e0, ambiente e territorio.<\/p>\n\n\n\n<h3 class=\"wp-block-heading\">Tramandare<\/h3>\n\n\n\n<p>La volont\u00e0 di trasmettere i nostri valori per noi \u00e8 fondamentale. Trasferire il know-how (un mix di tecnica e di principi che non possono essere demandati n\u00e9 alla scuola n\u00e9 a docenti esterni), accumulato nel corso di un&#8217;esperienza pluridecennale, ai nostri collaboratori \u00e8 certamente parte integrante del nostro lavoro.<\/p>\n","protected":false},"excerpt":{"rendered":"<p>Il nostro impegno Specialisti nel motion control orientati all\u2019eccellenza, alla qualit\u00e0 ed alla sostenibilit\u00e0 ambientale che si concretizzano nei seguenti principi e valori aziendali: Competenza La [&hellip;]<\/p>\n","protected":false},"author":1,"featured_media":0,"parent":0,"menu_order":15,"comment_status":"closed","ping_status":"closed","template":"","meta":{"_acf_changed":false,"footnotes":""},"class_list":["post-498","page","type-page","status-publish","hentry"],"acf":[],"yoast_head":"<!-- This site is optimized with the Yoast SEO plugin v26.6 - https:\/\/yoast.com\/wordpress\/plugins\/seo\/ -->\n<title>Politica per la qualit\u00e0 e l\u2019ambiente - Servotecnica Italia<\/title>\n<meta name=\"robots\" content=\"index, follow, max-snippet:-1, max-image-preview:large, max-video-preview:-1\" \/>\n<meta property=\"og:locale\" content=\"it_IT\" \/>\n<meta property=\"og:type\" content=\"article\" \/>\n<meta property=\"og:title\" content=\"Politica per la qualit\u00e0 e l\u2019ambiente - Servotecnica Italia\" \/>\n<meta property=\"og:description\" content=\"Il nostro impegno Specialisti nel motion control orientati all\u2019eccellenza, alla qualit\u00e0 ed alla sostenibilit\u00e0 ambientale che si concretizzano nei seguenti principi e valori aziendali: Competenza La [&hellip;]\" \/>\n<meta property=\"og:url\" content=\"https:\/\/it.servotecnica.com\/it\/quality-policy\/\" \/>\n<meta property=\"og:site_name\" content=\"Servotecnica Italia\" \/>\n<meta property=\"article:modified_time\" content=\"2025-11-12T16:29:30+00:00\" \/>\n<meta name=\"twitter:card\" content=\"summary_large_image\" \/>\n<meta name=\"twitter:label1\" content=\"Tempo di lettura stimato\" \/>\n\t<meta name=\"twitter:data1\" content=\"3 minuti\" \/>\n<script type=\"application\/ld+json\" class=\"yoast-schema-graph\">{\"@context\":\"https:\/\/schema.org\",\"@graph\":[{\"@type\":\"WebPage\",\"@id\":\"https:\/\/it.servotecnica.com\/it\/quality-policy\/\",\"url\":\"https:\/\/it.servotecnica.com\/it\/quality-policy\/\",\"name\":\"Politica per la qualit\u00e0 e l\u2019ambiente - Servotecnica Italia\",\"isPartOf\":{\"@id\":\"https:\/\/it.servotecnica.com\/it\/#website\"},\"datePublished\":\"2022-03-15T09:45:22+00:00\",\"dateModified\":\"2025-11-12T16:29:30+00:00\",\"breadcrumb\":{\"@id\":\"https:\/\/it.servotecnica.com\/it\/quality-policy\/#breadcrumb\"},\"inLanguage\":\"it-IT\",\"potentialAction\":[{\"@type\":\"ReadAction\",\"target\":[\"https:\/\/it.servotecnica.com\/it\/quality-policy\/\"]}]},{\"@type\":\"BreadcrumbList\",\"@id\":\"https:\/\/it.servotecnica.com\/it\/quality-policy\/#breadcrumb\",\"itemListElement\":[{\"@type\":\"ListItem\",\"position\":1,\"name\":\"Home\",\"item\":\"https:\/\/it.servotecnica.com\/it\/\"},{\"@type\":\"ListItem\",\"position\":2,\"name\":\"Politica per la qualit\u00e0 e l\u2019ambiente\"}]},{\"@type\":\"WebSite\",\"@id\":\"https:\/\/it.servotecnica.com\/it\/#website\",\"url\":\"https:\/\/it.servotecnica.com\/it\/\",\"name\":\"Servotecnica Italia\",\"description\":\"Servotecnica\",\"potentialAction\":[{\"@type\":\"SearchAction\",\"target\":{\"@type\":\"EntryPoint\",\"urlTemplate\":\"https:\/\/it.servotecnica.com\/it\/?s={search_term_string}\"},\"query-input\":{\"@type\":\"PropertyValueSpecification\",\"valueRequired\":true,\"valueName\":\"search_term_string\"}}],\"inLanguage\":\"it-IT\"}]}<\/script>\n<!-- \/ Yoast SEO plugin. -->","yoast_head_json":{"title":"Politica per la qualit\u00e0 e l\u2019ambiente - Servotecnica Italia","robots":{"index":"index","follow":"follow","max-snippet":"max-snippet:-1","max-image-preview":"max-image-preview:large","max-video-preview":"max-video-preview:-1"},"og_locale":"it_IT","og_type":"article","og_title":"Politica per la qualit\u00e0 e l\u2019ambiente - Servotecnica Italia","og_description":"Il nostro impegno Specialisti nel motion control orientati all\u2019eccellenza, alla qualit\u00e0 ed alla sostenibilit\u00e0 ambientale che si concretizzano nei seguenti principi e valori aziendali: Competenza La [&hellip;]","og_url":"https:\/\/it.servotecnica.com\/it\/quality-policy\/","og_site_name":"Servotecnica Italia","article_modified_time":"2025-11-12T16:29:30+00:00","twitter_card":"summary_large_image","twitter_misc":{"Tempo di lettura stimato":"3 minuti"},"schema":{"@context":"https:\/\/schema.org","@graph":[{"@type":"WebPage","@id":"https:\/\/it.servotecnica.com\/it\/quality-policy\/","url":"https:\/\/it.servotecnica.com\/it\/quality-policy\/","name":"Politica per la qualit\u00e0 e l\u2019ambiente - Servotecnica Italia","isPartOf":{"@id":"https:\/\/it.servotecnica.com\/it\/#website"},"datePublished":"2022-03-15T09:45:22+00:00","dateModified":"2025-11-12T16:29:30+00:00","breadcrumb":{"@id":"https:\/\/it.servotecnica.com\/it\/quality-policy\/#breadcrumb"},"inLanguage":"it-IT","potentialAction":[{"@type":"ReadAction","target":["https:\/\/it.servotecnica.com\/it\/quality-policy\/"]}]},{"@type":"BreadcrumbList","@id":"https:\/\/it.servotecnica.com\/it\/quality-policy\/#breadcrumb","itemListElement":[{"@type":"ListItem","position":1,"name":"Home","item":"https:\/\/it.servotecnica.com\/it\/"},{"@type":"ListItem","position":2,"name":"Politica per la qualit\u00e0 e l\u2019ambiente"}]},{"@type":"WebSite","@id":"https:\/\/it.servotecnica.com\/it\/#website","url":"https:\/\/it.servotecnica.com\/it\/","name":"Servotecnica Italia","description":"Servotecnica","potentialAction":[{"@type":"SearchAction","target":{"@type":"EntryPoint","urlTemplate":"https:\/\/it.servotecnica.com\/it\/?s={search_term_string}"},"query-input":{"@type":"PropertyValueSpecification","valueRequired":true,"valueName":"search_term_string"}}],"inLanguage":"it-IT"}]}},"_links":{"self":[{"href":"https:\/\/it.servotecnica.com\/it\/wp-json\/wp\/v2\/pages\/498","targetHints":{"allow":["GET"]}}],"collection":[{"href":"https:\/\/it.servotecnica.com\/it\/wp-json\/wp\/v2\/pages"}],"about":[{"href":"https:\/\/it.servotecnica.com\/it\/wp-json\/wp\/v2\/types\/page"}],"author":[{"embeddable":true,"href":"https:\/\/it.servotecnica.com\/it\/wp-json\/wp\/v2\/users\/1"}],"replies":[{"embeddable":true,"href":"https:\/\/it.servotecnica.com\/it\/wp-json\/wp\/v2\/comments?post=498"}],"version-history":[{"count":8,"href":"https:\/\/it.servotecnica.com\/it\/wp-json\/wp\/v2\/pages\/498\/revisions"}],"predecessor-version":[{"id":2059,"href":"https:\/\/it.servotecnica.com\/it\/wp-json\/wp\/v2\/pages\/498\/revisions\/2059"}],"wp:attachment":[{"href":"https:\/\/it.servotecnica.com\/it\/wp-json\/wp\/v2\/media?parent=498"}],"curies":[{"name":"wp","href":"https:\/\/api.w.org\/{rel}","templated":true}]}}